{"id":57,"date":"2024-11-05T18:58:53","date_gmt":"2024-11-05T17:58:53","guid":{"rendered":"http:\/\/www.remodelinghomecompany.com\/index.php\/a-propos-de\/"},"modified":"2024-11-28T09:34:38","modified_gmt":"2024-11-28T08:34:38","slug":"a-propos-de","status":"publish","type":"page","link":"https:\/\/www.remodelinghomecompany.com\/index.php\/a-propos-de\/","title":{"rendered":"\u00c0 propos de"},"content":{"rendered":"\n    \n    <section class=\"u-clearfix u-container-align-center u-grey-5 u-section-2\" id=\"carousel_5eda\">\n      <img decoding=\"async\" class=\"u-expanded-width u-image u-image-1\" src=\"https:\/\/www.remodelinghomecompany.com\/wp-content\/uploads\/2024\/11\/1becd8b2840d9b9470bffb9285b8c0be5aa15992e98d7a1bf00de5727023c3175c9941b03a7c49758c1d6150ab28fd460d9f144fefcb25ddc57761_1280.jpg\" data-image-width=\"1280\" data-image-height=\"768\" data-animation-name=\"flipIn\" data-animation-duration=\"1500\" data-animation-delay=\"0\" data-animation-direction=\"X\">\n      <div class=\"u-border-1 u-border-grey-30 u-container-style u-group u-opacity u-opacity-75 u-shape-rectangle u-white u-group-1\" data-animation-name=\"customAnimationIn\" data-animation-duration=\"1500\" data-animation-delay=\"500\">\n        <div class=\"u-container-layout u-container-layout-1\">\n          <h2 class=\"u-align-center u-custom-font u-text u-text-palette-1-dark-1 u-text-1\" data-animation-name=\"customAnimationIn\" data-animation-duration=\"1500\" data-animation-delay=\"0\"> Remodeling Home Company<br>\n          <\/h2>\n          <h2 class=\"u-align-justify u-custom-font u-text u-text-2\">\n            <span style=\"font-weight: 700;\" class=\"u-text-custom-color-4\"> Remodeling Home Company<\/span> est une entreprise sp\u00e9cialis\u00e9e dans l'am\u00e9nagement, la r\u00e9novation et la modernisation des espaces int\u00e9rieurs et ext\u00e9rieurs. Forte d\u2019une exp\u00e9rience solide dans le secteur, notre soci\u00e9t\u00e9 s\u2019engage \u00e0 offrir des solutions personnalis\u00e9es et de haute qualit\u00e9 pour transformer votre habitat en un lieu fonctionnel, esth\u00e9tique et \u00e0 votre image.\n          <\/h2>\n          <a href=\"https:\/\/www.remodelinghomecompany.com\/index.php\/contact\/\" class=\"u-align-center u-border-none u-btn u-btn-round u-button-style u-hover-grey-75 u-palette-1-base u-radius u-btn-1\" data-animation-name=\"customAnimationIn\" data-animation-duration=\"1500\" data-animation-delay=\"500\" data-animation-direction=\"\">contactez nous <\/a>\n        <\/div>\n      <\/div>\n    <\/section>\n    <section class=\"u-align-center u-border-2 u-border-no-bottom u-border-no-left u-border-no-right u-border-palette-3-dark-1 u-clearfix u-container-align-center u-gradient u-section-3\" id=\"carousel_a839\">\n      <div class=\"u-clearfix u-sheet u-sheet-1\">\n        <div class=\"data-layout-selected u-clearfix u-expanded-width u-layout-wrap u-layout-wrap-1\">\n          <div class=\"u-layout\" style=\"\">\n            <div class=\"u-layout-row\" style=\"\">\n              <div class=\"u-container-style u-layout-cell u-shape-rectangle u-size-26-lg u-size-30-xl u-size-60-md u-size-60-sm u-size-60-xs u-layout-cell-1\" data-animation-name=\"customAnimationIn\" data-animation-duration=\"1500\">\n                <div class=\"u-container-layout u-container-layout-1\">\n                  <p class=\"u-align-justify u-custom-font u-font-titillium-web u-text u-text-1\">\n                    <span style=\"font-weight: 700; font-size: 1.5rem;\">Nos valeurs<\/span>\n                    <br>Qualit\u00e9 : Nous s\u00e9lectionnons les meilleurs mat\u00e9riaux et travaillons avec des artisans et techniciens qualifi\u00e9s pour garantir des finitions impeccables et durables.<br>Innovation : <span style=\"font-weight: 700;\">Remodeling Home Company<\/span> int\u00e8gre les derni\u00e8res tendances et technologies pour concevoir des espaces modernes, connect\u00e9s et adapt\u00e9s aux besoins actuels.<br>Nous privil\u00e9gions des pratiques et des mat\u00e9riaux durables pour minimiser notre empreinte environnementale et promouvoir un habitat plus vert.<br>\n                    <span style=\"font-size: 1.5rem; font-weight: 700;\">Nos services<\/span>\n                    <br>\n                    <span style=\"font-weight: 700;\">Am\u00e9nagement Int\u00e9rieur et R\u00e9novation<\/span>\n                    <br>Transformation de cuisines, salles de bains, salons et chambres.<br>R\u00e9novations compl\u00e8tes ou partielles, incluant des travaux de plomberie, d'\u00e9lectricit\u00e9, de peinture et de menuiserie.<br>Cr\u00e9ation de rangements sur mesure pour maximiser l\u2019utilisation de l\u2019espace.<br>\n                    <span style=\"font-weight: 700; font-size: 1.5rem;\">Espaces&nbsp;<\/span>\n                    <span style=\"font-size: 1.5rem;\">\n                      <span style=\"font-weight: 700;\">Ext\u00e9rieurs<\/span>\n                      <br>\n                    <\/span>Am\u00e9nagement de jardins et de terrasses.<br>Conception de pergolas, v\u00e9randas, et espaces de d\u00e9tente en ext\u00e9rieur.<br>Installation de syst\u00e8mes d\u2019\u00e9clairage ext\u00e9rieur et de solutions de s\u00e9curit\u00e9.<br>\n                    <span style=\"font-weight: 700; font-size: 1.5rem;\">Isolation Thermique et Acoustique<\/span>\n                    <br>I<span style=\"font-weight: 700;\">solation des murs, combles et sols pour am\u00e9liorer le confort \u00e9nerg\u00e9tique.<\/span>\n                    <br>Solutions de vitrages performants pour limiter les pertes de chaleur et r\u00e9duire les nuisances sonores.<br>\n                  <\/p>\n                <\/div>\n              <\/div>\n              <div class=\"u-align-justify u-container-style u-layout-cell u-size-30-xl u-size-34-lg u-size-60-md u-size-60-sm u-size-60-xs u-layout-cell-2\" data-animation-name=\"customAnimationIn\" data-animation-duration=\"1500\" data-animation-delay=\"500\">\n                <div class=\"u-container-layout u-container-layout-2\">\n                  <p class=\"u-custom-font u-font-titillium-web u-text u-text-2\">\n                    <span style=\"font-size: 1.5rem; font-weight: 700;\">Domotique et S\u00e9curit\u00e9<\/span>\n                    <br>I<span style=\"font-weight: 700;\">nstallation de syst\u00e8mes domotiques <span style=\"font-weight: 400;\">pour g\u00e9rer l\u2019\u00e9clairage,<\/span>\n                      <span style=\"font-weight: 400;\">les volets, le chauffage et la s\u00e9curit\u00e9 \u00e0 distance.<\/span>\n                    <\/span>\n                    <br>Mise en place de cam\u00e9ras, interphones et syst\u00e8mes de s\u00e9curit\u00e9 modernes.<br>\n                    <span style=\"font-weight: 700; font-size: 1.5rem;\">R\u00e9novation de Caves et Escaliers<\/span>\n                    <br>\n                    <span style=\"font-weight: 700;\">Am\u00e9nagement de caves en espaces de stockage ou pi\u00e8ces fonctionnelles.<\/span>\n                    <br>Installation d\u2019escaliers personnalis\u00e9s en bois, m\u00e9tal ou verre pour un look moderne et s\u00e9curitaire.<br>Pourquoi choisir <span style=\"font-weight: 700;\">Remodeling Home Company<\/span> ?<br>Avec <span style=\"font-weight: 700;\">Remodeling Home Company<\/span>, vous b\u00e9n\u00e9ficiez d\u2019une \u00e9quipe d\u2019experts qui vous accompagne \u00e0 chaque \u00e9tape de votre projet, depuis l\u2019\u00e9tude de faisabilit\u00e9 jusqu\u2019\u00e0 la r\u00e9alisation. Nous mettons notre savoir-faire et notre passion au service de la cr\u00e9ation d\u2019espaces de vie uniques et adapt\u00e9s \u00e0 votre mode de vie. Faire appel \u00e0 <span style=\"font-weight: 700;\">Remodeling Home Company<\/span>, c\u2019est choisir l\u2019excellence, le respect des d\u00e9lais, et la satisfaction client comme priorit\u00e9.Transformez votre espace avec \u200bRemodeling Home Company, et faites de votre maison un v\u00e9ritable lieu de bien-\u00eatre.<br>\n                  <\/p>\n                <\/div>\n              <\/div>\n            <\/div>\n          <\/div>\n        <\/div>\n      <\/div>\n    <\/section>\n    \n    \n    \n  \n","protected":false},"excerpt":{"rendered":"<p>Remodeling Home Company Remodeling Home Company est une entreprise sp\u00e9cialis\u00e9e dans l&#8217;am\u00e9nagement, la r\u00e9novation et la modernisation des espaces int\u00e9rieurs et ext\u00e9rieurs. Forte d\u2019une exp\u00e9rience solide dans le secteur, notre soci\u00e9t\u00e9 s\u2019engage \u00e0 offrir des solutions personnalis\u00e9es et de haute qualit\u00e9 pour transformer votre habitat en un lieu fonctionnel, esth\u00e9tique et \u00e0 votre image. contactez &hellip; <a href=\"https:\/\/www.remodelinghomecompany.com\/index.php\/a-propos-de\/\" class=\"more-link\">Continue reading<span class=\"screen-reader-text\"> &#8220;\u00c0 propos de&#8221;<\/span><\/a><\/p>\n","protected":false},"author":1,"featured_media":0,"parent":0,"menu_order":3,"comment_status":"closed","ping_status":"closed","template":"","meta":{"footnotes":""},"class_list":["post-57","page","type-page","status-publish","hentry"],"aioseo_notices":[],"_links":{"self":[{"href":"https:\/\/www.remodelinghomecompany.com\/index.php\/wp-json\/wp\/v2\/pages\/57","targetHints":{"allow":["GET"]}}],"collection":[{"href":"https:\/\/www.remodelinghomecompany.com\/index.php\/wp-json\/wp\/v2\/pages"}],"about":[{"href":"https:\/\/www.remodelinghomecompany.com\/index.php\/wp-json\/wp\/v2\/types\/page"}],"author":[{"embeddable":true,"href":"https:\/\/www.remodelinghomecompany.com\/index.php\/wp-json\/wp\/v2\/users\/1"}],"replies":[{"embeddable":true,"href":"https:\/\/www.remodelinghomecompany.com\/index.php\/wp-json\/wp\/v2\/comments?post=57"}],"version-history":[{"count":7,"href":"https:\/\/www.remodelinghomecompany.com\/index.php\/wp-json\/wp\/v2\/pages\/57\/revisions"}],"predecessor-version":[{"id":168,"href":"https:\/\/www.remodelinghomecompany.com\/index.php\/wp-json\/wp\/v2\/pages\/57\/revisions\/168"}],"wp:attachment":[{"href":"https:\/\/www.remodelinghomecompany.com\/index.php\/wp-json\/wp\/v2\/media?parent=57"}],"curies":[{"name":"wp","href":"https:\/\/api.w.org\/{rel}","templated":true}]}}